{"id":11,"date":"2021-02-10T02:33:27","date_gmt":"2021-02-10T02:33:27","guid":{"rendered":"http:\/\/sw-themes.com\/porto_dummy\/?page_id=11"},"modified":"2022-05-20T08:09:29","modified_gmt":"2022-05-20T08:09:29","slug":"about-us","status":"publish","type":"page","link":"https:\/\/ctconsultancytranslate.com\/en\/about-us\/","title":{"rendered":"About Us"},"content":{"rendered":"<p>[vc_row wrap_container=&#8221;yes&#8221; el_class=&#8221;pt-3 mt-4&#8243;][vc_column][vc_custom_heading text=&#8221;CT Consultancy &amp; Translation Services Ltd is a company which provides both Oral and Sign Languages translations, Education, as well as Consultancy and Support services. The company was founded in Istanbul in 2016, moved to London in 2021 and provides global services from both branches.&#8221; font_container=&#8221;tag:p|font_size:15.4px|text_align:left&#8221; use_theme_fonts=&#8221;yes&#8221; animation_delay=&#8221;500&#8243; animation_type=&#8221;fadeInUp&#8221;][vc_custom_heading text=&#8221;Our projects and services we offer to the government, charities, companies, private organizations, educational institutions and families, including many projects which are not limited to the following areas:&#8221; font_container=&#8221;tag:p|text_align:left&#8221; use_theme_fonts=&#8221;yes&#8221; animation_delay=&#8221;750&#8243; animation_type=&#8221;fadeInUp&#8221; el_class=&#8221;m-b-lg pb-2&#8243;][vc_custom_heading text=&#8221;\u00b7 Translation services for English, German, Turkish, Spanish and Sign Languages<br \/>\n\u00b7 Video editing and simultaneous translation services<br \/>\n\u00b7 Language trainings for English, Turkish, and Sign Languages<br \/>\n\u00b7 Sign Language Education for Both Hearing and the Deaf\/Hearing-Impaired<br \/>\n\u00b7 Overseas education consultancy<br \/>\n\u00b7 Language acquisition skills and Spoken Language training for the Deaf and Hard of Hearing<br \/>\n\u00b7 Consultancy and support services to Educational Institutions, individuals, families with deaf children and companies employing Deaf or Hearing Impaired<br \/>\n\u00b7 Support services for Equal Access and Inclusion for children and young people to acquire relevant skills and understand their social and academic lives<br \/>\n\u00b7 Hospitality and Service industry Customer Service Training and Consultancy<br \/>\n\u00b7 Tourism and Travel Consultancy&#8221; font_container=&#8221;tag:p|text_align:left&#8221; use_theme_fonts=&#8221;yes&#8221; animation_delay=&#8221;750&#8243; animation_type=&#8221;fadeInUp&#8221; el_class=&#8221;m-b-lg pb-2&#8243;][\/vc_column][\/vc_row][vc_row gap=&#8221;20&#8243; wrap_container=&#8221;yes&#8221;][vc_column width=&#8221;1\/2&#8243; el_class=&#8221;mb-4 mb-sm-0 custom-height-1 custom-width-1&#8243; offset=&#8221;vc_col-xs-12&#8243;][vc_single_image image=&#8221;865&#8243; img_size=&#8221;full&#8221; el_class=&#8221;custom-box-shadow-1 mb-0&#8243;][\/vc_column][vc_column width=&#8221;1\/4&#8243; offset=&#8221;vc_col-xs-6&#8243; el_class=&#8221;custom-height-1 custom-width-1&#8243;][vc_single_image image=&#8221;745&#8243; img_size=&#8221;full&#8221; el_class=&#8221;custom-box-shadow-1 mb-0&#8243;][\/vc_column][vc_column width=&#8221;1\/4&#8243; offset=&#8221;vc_col-xs-6&#8243; el_class=&#8221;custom-width-1 custom-height-2 custom-height-1&#8243;][vc_single_image image=&#8221;867&#8243; img_size=&#8221;full&#8221; animation_delay=&#8221;200&#8243; el_class=&#8221;mb-4 custom-box-shadow-1&#8243; animation_type=&#8221;fadeInRight&#8221; label=&#8221;&#8221;][vc_single_image image=&#8221;868&#8243; img_size=&#8221;full&#8221; animation_delay=&#8221;200&#8243; animation_type=&#8221;fadeInRight&#8221; el_class=&#8221;custom-box-shadow-1 mb-0&#8243; label=&#8221;&#8221;][\/vc_column][\/vc_row][vc_row disable_element=&#8221;yes&#8221; wrap_container=&#8221;yes&#8221; el_class=&#8221;pt-3 mt-4&#8243;][vc_column][vc_custom_heading text=&#8221;Cuneyt Torbaoglu&#8221; font_container=&#8221;tag:h2|font_size:35px|text_align:left|line_height:1.3&#8243; use_theme_fonts=&#8221;yes&#8221; letter_spacing=&#8221;-1.75px&#8221; animation_delay=&#8221;250&#8243; el_class=&#8221;text-transform-none font-weight-semibold mb-4 mb-lg-3 mb-xl-4&#8243; animation_type=&#8221;fadeInUp&#8221;][vc_custom_heading text=&#8221;\u2022 \u0130\u015faret Dili, \u0130ngilizce ve T\u00fcrk\u00e7e dillerinde kendine g\u00fcvenen, deneyimli bir \u00f6\u011fretmen ve terc\u00fcmand\u0131r.<br \/>\n\u2022 Deneyimlerini bir\u00e7ok sertifika ile de geli\u015ftirmi\u015f, genellikle \u0130\u015fiten ve \u0130\u015fitme-Engelli bireyler aras\u0131nda k\u00f6pr\u00fc vazifesi g\u00f6ren bir hizmet anlay\u0131\u015f\u0131 yaratm\u0131\u015ft\u0131r.<br \/>\n\u2022 \u0130leti\u015fimde toplumlar\u0131 birbirine ba\u011flayan hizmetleri yans\u0131tan bir\u00e7ok projede Sa\u011f\u0131r \u00c7al\u0131\u015fmalar\u0131 konusunda deneyim sahibidir.<br \/>\n\u2022 Bireylere e\u011fitim, seyahat, turizm, bilgi teknolojileri alanlar\u0131nda dan\u0131\u015fmanl\u0131k, terc\u00fcme, m\u00fctercim terc\u00fcmanl\u0131k, e\u011fitim ve destek hizmetleri sunarken onlara e\u015fit, e\u011flenceli ve keyifli bir ortam sa\u011flar.&#8221; font_container=&#8221;tag:p|text_align:left&#8221; use_theme_fonts=&#8221;yes&#8221; animation_delay=&#8221;750&#8243; animation_type=&#8221;fadeInUp&#8221; el_class=&#8221;m-b-lg pb-2&#8243;][\/vc_column][\/vc_row][vc_row disable_element=&#8221;yes&#8221; wrap_container=&#8221;yes&#8221; el_class=&#8221;py-5 mb-5&#8243;][vc_column][vc_tabs position=&#8221;top-center&#8221; type=&#8221;tabs-simple&#8221; el_class=&#8221;custom-tab mb-0&#8243;][vc_tab title=&#8221;Manifesto&#8221; tab_id=&#8221;c676ec45-a825-5&#8243;][vc_custom_heading text=&#8221;Lorem ipsum dolor sit amet, consectetur adipiscing elit. Curabitur vulputate posuere tortor luctus vulputate. Cras laoreet pretium blandit. Vestibulum luctus laoreet lacinia. Maecenas luctus arcu ut orci lacinia ultrices. Praesent semper porta interdum. Etiam cursus, tortor at interdum rutrum, metus nibh tincidunt purus, non tincidunt odio arcu quis erat.&#8221; font_container=&#8221;tag:p|font_size:15.4px|text_align:center&#8221; use_theme_fonts=&#8221;yes&#8221; el_class=&#8221;m-b-md&#8221;][vc_custom_heading text=&#8221;Curabitur vulputate posuere tortor luctus vulputate. Cras laoreet pretium blandit. Vestibulum luctus laoreet lacinia. Maecenas luctus arcu ut orci lacinia ultrices. Praesent semper porta interdum. Etiam cursus, tortor at interdum rutrum, metus nibh tincidunt purus, non tincidunt odio arcu quis erat. Lorem ipsum dolor sit amet, consectetur adipiscing elit. Curabitur vulputate posuere tortor luctus vulputate. Cras laoreet pretium blandit. Vestibulum luctus laoreet lacinia.&#8221; font_container=&#8221;tag:p|text_align:center&#8221; use_theme_fonts=&#8221;yes&#8221; el_class=&#8221;m-b-md&#8221;][\/vc_tab][vc_tab title=&#8221;Vision&#8221; tab_id=&#8221;18415a4a-c3b2-2&#8243;][vc_custom_heading text=&#8221;Lorem ipsum dolor sit amet, consectetur adipiscing elit. Curabitur vulputate posuere tortor luctus vulputate. Cras laoreet pretium blandit. Vestibulum luctus laoreet lacinia. Maecenas luctus arcu ut orci lacinia ultrices. Praesent semper porta interdum. Etiam cursus, tortor at interdum rutrum, metus nibh tincidunt purus, non tincidunt odio arcu quis erat.&#8221; font_container=&#8221;tag:p|font_size:15.4px|text_align:center&#8221; use_theme_fonts=&#8221;yes&#8221; el_class=&#8221;m-b-md&#8221;][vc_custom_heading text=&#8221;Curabitur vulputate posuere tortor luctus vulputate. Cras laoreet pretium blandit. Vestibulum luctus laoreet lacinia. Maecenas luctus arcu ut orci lacinia ultrices. Cras laoreet pretium blandit. Vestibulum luctus laoreet lacinia.&#8221; font_container=&#8221;tag:p|text_align:center&#8221; use_theme_fonts=&#8221;yes&#8221; el_class=&#8221;m-b-md&#8221;][\/vc_tab][vc_tab title=&#8221;Mission&#8221; tab_id=&#8221;1613658067791-2-1&#8243;][vc_custom_heading text=&#8221;Lorem ipsum dolor sit amet, consectetur adipiscing elit. Curabitur vulputate posuere tortor luctus vulputate. Praesent semper porta interdum. Etiam cursus, tortor at interdum rutrum, metus nibh tincidunt purus, non tincidunt odio arcu quis erat.&#8221; font_container=&#8221;tag:p|font_size:15.4px|text_align:center&#8221; use_theme_fonts=&#8221;yes&#8221; el_class=&#8221;m-b-md&#8221;][vc_custom_heading text=&#8221;Curabitur vulputate posuere tortor luctus vulputate. Cras laoreet pretium blandit. Vestibulum luctus laoreet lacinia. Maecenas luctus arcu ut orci lacinia ultrices. Praesent semper porta interdum. Etiam cursus, tortor at interdum rutrum, metus nibh tincidunt purus, non tincidunt odio arcu quis erat. Lorem ipsum dolor sit amet, consectetur adipiscing elit. Curabitur vulputate posuere tortor luctus vulputate. Cras laoreet pretium blandit. Vestibulum luctus laoreet lacinia.&#8221; font_container=&#8221;tag:p|text_align:center&#8221; use_theme_fonts=&#8221;yes&#8221; el_class=&#8221;m-b-md&#8221;][\/vc_tab][\/vc_tabs][\/vc_column][\/vc_row][vc_row content_placement=&#8221;middle&#8221; disable_element=&#8221;yes&#8221; wrap_container=&#8221;yes&#8221; el_class=&#8221;position-relative overflow-hidden&#8221; css=&#8221;.vc_custom_1647939363999{padding-top: 10.4230769231rem !important;padding-bottom: 9.323077rem !important;background-color: #ededed !important;}&#8221;][vc_column offset=&#8221;vc_col-md-7&#8243;][vc_custom_heading text=&#8221;Skills That Make a Meaningful Difference for Your Business&#8221; font_container=&#8221;tag:h2|font_size:35px|text_align:left|line_height:1.3&#8243; use_theme_fonts=&#8221;yes&#8221; font_weight=&#8221;600&#8243; letter_spacing=&#8221;-0.05em&#8221; el_class=&#8221;mb-4&#8243;][vc_custom_heading text=&#8221;Cras a elit sit amet leo accumsan volutpat. Suspendisse hendreriast ehicula leo, vel efficitur felis ultrices non. Cras a elit sit amet leo acun volutpat.&#8221; font_container=&#8221;tag:p|font_size:15.4px|text_align:left&#8221; use_theme_fonts=&#8221;yes&#8221; el_class=&#8221;pb-3 mb-4&#8243;][vc_progress_bar values=&#8221;%5B%7B%22label%22%3A%22STRATEGY%20ACCELERATION%22%2C%22value%22%3A%2290%22%7D%2C%7B%22label%22%3A%22REVENUE%20GROWTH%22%2C%22value%22%3A%2280%22%7D%2C%7B%22label%22%3A%22FIREWALK%20SALES%22%2C%22value%22%3A%2250%22%7D%5D&#8221; bgcolor=&#8221;custom&#8221; tooltip=&#8221;&#8221; size=&#8221;sm&#8221; units=&#8221;%&#8221; custombgcolor=&#8221;#f04c23&#8243; el_class=&#8221;mb-4&#8243;][\/vc_column][vc_column offset=&#8221;vc_col-md-5&#8243;][vc_single_image image=&#8221;452&#8243; img_size=&#8221;full&#8221; alignment=&#8221;center&#8221; el_class=&#8221;mb-0&#8243;][\/vc_column][vc_column el_class=&#8221;position-static&#8221;][vc_raw_html el_class=&#8221;shape-divider mb-0 h-123&#8243;]JTNDc3ZnJTIwdmVyc2lvbiUzRCUyMjEuMSUyMiUyMHhtbG5zJTNEJTIyaHR0cCUzQSUyRiUyRnd3dy53My5vcmclMkYyMDAwJTJGc3ZnJTIyJTIweG1sbnMlM0F4bGluayUzRCUyMmh0dHAlM0ElMkYlMkZ3d3cudzMub3JnJTJGMTk5OSUyRnhsaW5rJTIyJTIweCUzRCUyMjBweCUyMiUyMHklM0QlMjIwcHglMjIlMjB2aWV3Qm94JTNEJTIyMCUyMDAlMjAxOTIwJTIwMTIzJTIyJTIwcHJlc2VydmVBc3BlY3RSYXRpbyUzRCUyMm5vbmUlMjIlM0UlMEElMjAlMjAlMjAlMjAlM0Nwb2x5Z29uJTIwZmlsbCUzRCUyMiUyM0YzRjNGMyUyMiUyMHBvaW50cyUzRCUyMjAlMkM5MCUyMDIyMSUyQzYwJTIwNTYzJTJDODglMjA5MzElMkMzNSUyMDE0MDglMkM5MyUyMDE5MjAlMkM0MSUyMDE5MjAlMkMtMSUyMDAlMkMtMSUyMCUyMiUzRSUzQyUyRnBvbHlnb24lM0UlMEElMjAlMjAlMjAlMjAlM0Nwb2x5Z29uJTIwZmlsbCUzRCUyMiUyM0ZGRkZGRiUyMiUyMHBvaW50cyUzRCUyMjAlMkM3NSUyMDIxOSUyQzQ0JTIwNTYzJTJDNzIlMjA5MzAlMkMxOSUyMDE0MDglMkM3NyUyMDE5MjAlMkMyNSUyMDE5MjAlMkMtMSUyMDAlMkMtMSUyMCUyMiUzRSUzQyUyRnBvbHlnb24lM0UlMEElM0MlMkZzdmclM0U=[\/vc_raw_html][vc_raw_html el_class=&#8221;shape-divider shape-divider-bottom shape-divider-reverse h-123 mb-0&#8243;]JTNDc3ZnJTIwdmVyc2lvbiUzRCUyMjEuMSUyMiUyMHhtbG5zJTNEJTIyaHR0cCUzQSUyRiUyRnd3dy53My5vcmclMkYyMDAwJTJGc3ZnJTIyJTIweG1sbnMlM0F4bGluayUzRCUyMmh0dHAlM0ElMkYlMkZ3d3cudzMub3JnJTJGMTk5OSUyRnhsaW5rJTIyJTIweCUzRCUyMjBweCUyMiUyMHklM0QlMjIwcHglMjIlMjB2aWV3Qm94JTNEJTIyMCUyMDAlMjAxOTIwJTIwMTIzJTIyJTIwcHJlc2VydmVBc3BlY3RSYXRpbyUzRCUyMm5vbmUlMjIlM0UlMEElMjAlMjAlMjAlMjAlM0Nwb2x5Z29uJTIwZmlsbCUzRCUyMiUyM0YzRjNGMyUyMiUyMHBvaW50cyUzRCUyMjAlMkM5MCUyMDIyMSUyQzYwJTIwNTYzJTJDODglMjA5MzElMkMzNSUyMDE0MDglMkM5MyUyMDE5MjAlMkM0MSUyMDE5MjAlMkMtMSUyMDAlMkMtMSUyMCUyMiUzRSUzQyUyRnBvbHlnb24lM0UlMEElMjAlMjAlMjAlMjAlM0Nwb2x5Z29uJTIwZmlsbCUzRCUyMiUyM0ZGRkZGRiUyMiUyMHBvaW50cyUzRCUyMjAlMkM3NSUyMDIxOSUyQzQ0JTIwNTYzJTJDNzIlMjA5MzAlMkMxOSUyMDE0MDglMkM3NyUyMDE5MjAlMkMyNSUyMDE5MjAlMkMtMSUyMDAlMkMtMSUyMCUyMiUzRSUzQyUyRnBvbHlnb24lM0UlMEElM0MlMkZzdmclM0U=[\/vc_raw_html][\/vc_column][\/vc_row][vc_row gap=&#8221;20&#8243; content_placement=&#8221;middle&#8221; disable_element=&#8221;yes&#8221; wrap_container=&#8221;yes&#8221; el_class=&#8221;m-b-lg pb-2&#8243;][vc_column offset=&#8221;vc_col-lg-7 vc_col-md-6&#8243;][vc_row_inner content_placement=&#8221;middle&#8221; el_class=&#8221;custom-gutter-sm&#8221;][vc_column_inner el_class=&#8221;col-auto&#8221; width=&#8221;1\/2&#8243; animation_delay=&#8221;1000&#8243; offset=&#8221;vc_col-xs-12&#8243; animation_type=&#8221;fadeInLeft&#8221;]<div class=\"porto-sicon-box mb-0 custom-info-style  wpb_custom_1efe903570d178ff0a9b7bfa5febd3a4 style_1 default-icon\"><div class=\"porto-sicon-default\"><div id=\"porto-icon-108582767969ef04c8087f2\" class=\"porto-just-icon-wrapper porto-sicon-img\" style=\"font-size: 63px;margin-right:16px;\"><img loading=\"lazy\" decoding=\"async\" class=\"img-icon\" alt=\"icon\" src=\"https:\/\/ctconsultancytranslate.com\/wp-content\/uploads\/2021\/02\/p-icon.jpg\" width=\"63\" height=\"63\" \/><\/div><\/div><div class=\"porto-sicon-header\"><h3 class=\"porto-sicon-title\" style=\"font-weight:700;font-size:38.5px;line-height:26px;letter-spacing:0;color:#212529;margin-bottom:0px;\">240+<\/h3><p style=\"font-weight:700;font-size:14px;line-height:26px;color:#212529;\">Satisfied Clients<\/p><\/div> <!-- header --><\/div><!-- porto-sicon-box -->[\/vc_column_inner][vc_column_inner el_class=&#8221;p-l-sm p-r-sm&#8221; width=&#8221;2\/3&#8243; animation_delay=&#8221;1200&#8243; offset=&#8221;vc_col-xs-12&#8243; animation_type=&#8221;fadeInLeft&#8221;][vc_custom_heading text=&#8221;Cras a elit sit amet leo accumsan volutpat. Suspendisse hendreriast ehicula leo.&#8221; font_container=&#8221;tag:p|text_align:left&#8221; use_theme_fonts=&#8221;yes&#8221; el_class=&#8221;mb-0&#8243; css=&#8221;.vc_custom_1613655816046{border-left-width: 12px !important;padding-top: 4px !important;padding-right: 16px !important;padding-bottom: 8px !important;padding-left: 16px !important;border-left-color: #f3f3f3 !important;border-left-style: solid !important;}&#8221;][\/vc_column_inner][\/vc_row_inner][\/vc_column][vc_column offset=&#8221;vc_col-lg-5 vc_col-md-6&#8243; el_class=&#8221;custom-gutter-sm&#8221;][vc_btn title=&#8221;Get a Quote&#8221; skin=&#8221;primary&#8221; btn_fs=&#8221;0.9625rem&#8221; btn_fw=&#8221;600&#8243; btn_ls=&#8221;0&#8243; animation_delay=&#8221;1400&#8243; link=&#8221;url:https%3A%2F%2Fwww.portotheme.com%2Fwordpress%2Fporto%2Fbusiness-consulting3%2Fcontact-us%2F|title:Contact%20Us&#8221; el_class=&#8221;custom-btn-style-1 custom-btn-primary mb-0 col-auto&#8221; btn_px=&#8221;20px&#8221; btn_py=&#8221;12px&#8221; animation_type=&#8221;fadeInLeft&#8221;][vc_btn title=&#8221;Contact Us&#8221; skin=&#8221;dark&#8221; btn_fs=&#8221;0.9625rem&#8221; btn_fw=&#8221;600&#8243; btn_ls=&#8221;0&#8243; animation_delay=&#8221;1600&#8243; link=&#8221;url:https%3A%2F%2Fwww.portotheme.com%2Fwordpress%2Fporto%2Fbusiness-consulting3%2Fcontact-us%2F|title:Contact%20Us&#8221; el_class=&#8221;custom-btn-style-1 mb-0 col-auto&#8221; btn_px=&#8221;20px&#8221; btn_py=&#8221;12px&#8221; animation_type=&#8221;fadeInLeft&#8221;]<a class=\"porto-sicon-box-link\" href=\"tel:1234567890\"><div class=\"porto-sicon-box col-auto mb-0 text-color-hover-primary mt-4 mt-sm-0  wpb_custom_1efe903570d178ff0a9b7bfa5febd3a4 style_1 default-icon\" data-appear-animation=\"fadeInLeft\" data-appear-animation-delay=\"1800\"><div class=\"porto-sicon-default\"><div class=\"porto-just-icon-wrapper porto-icon none\" style=\"color:#212529;font-size:25px;margin-right:8px;\"><i class=\"porto-icon-phone-call\"><\/i><\/div><\/div><div class=\"porto-sicon-header\"><h3 class=\"porto-sicon-title\" style=\"font-weight:600;font-size:14px;letter-spacing:0;color:#212529;\">(800) 123-4567<\/h3><\/div> <!-- header --><\/div><!-- porto-sicon-box --><\/a>[\/vc_column][\/vc_row]<\/p>","protected":false},"excerpt":{"rendered":"<p>[vc_row wrap_container=&#8221;yes&#8221; el_class=&#8221;pt-3 mt-4&#8243;][vc_column][vc_custom_heading text=&#8221;CT Consultancy &amp; Translation Services Ltd is a company which provides both Oral and Sign Languages translations, Education, as well as Consultancy and Support services. The company was founded in Istanbul in 2016, moved to London in 2021 and provides global services from both branches.&#8221; font_container=&#8221;tag:p|font_size:15.4px|text_align:left&#8221; use_theme_fonts=&#8221;yes&#8221; animation_delay=&#8221;500&#8243; animation_type=&#8221;fadeInUp&#8221;][vc_custom_heading text=&#8221;Our projects [&hellip;]<\/p>\n","protected":false},"author":2,"featured_media":0,"parent":0,"menu_order":0,"comment_status":"closed","ping_status":"closed","template":"","meta":{"footnotes":""},"class_list":["post-11","page","type-page","status-publish","hentry"],"yoast_head":"<!-- This site is optimized with the Yoast SEO plugin v22.0 - https:\/\/yoast.com\/wordpress\/plugins\/seo\/ -->\n<title>About Us - CT - Consultancy Translate<\/title>\n<meta name=\"robots\" content=\"index, follow, max-snippet:-1, max-image-preview:large, max-video-preview:-1\" \/>\n<link rel=\"canonical\" href=\"https:\/\/ctconsultancytranslate.com\/about-us\/\" \/>\n<meta property=\"og:locale\" content=\"en_US\" \/>\n<meta property=\"og:type\" content=\"article\" \/>\n<meta property=\"og:title\" content=\"[:en]About Us[:tr]Hakk\u0131m\u0131zda[:] - CT - Consultancy Translate\" \/>\n<meta property=\"og:description\" content=\"[vc_row wrap_container=&#8221;yes&#8221; el_class=&#8221;pt-3 mt-4&#8243;][vc_column][vc_custom_heading text=&#8221;CT Consultancy &amp; Translation Services Ltd is a company which provides both Oral and Sign Languages translations, Education, as well as Consultancy and Support services. The company was founded in Istanbul in 2016, moved to London in 2021 and provides global services from both branches.&#8221; font_container=&#8221;tag:p|font_size:15.4px|text_align:left&#8221; use_theme_fonts=&#8221;yes&#8221; animation_delay=&#8221;500&#8243; animation_type=&#8221;fadeInUp&#8221;][vc_custom_heading text=&#8221;Our projects [&hellip;]\" \/>\n<meta property=\"og:url\" content=\"https:\/\/ctconsultancytranslate.com\/about-us\/\" \/>\n<meta property=\"og:site_name\" content=\"CT - Consultancy Translate\" \/>\n<meta property=\"article:modified_time\" content=\"2022-05-20T08:09:29+00:00\" \/>\n<meta name=\"twitter:card\" content=\"summary_large_image\" \/>\n<meta name=\"twitter:label1\" content=\"Est. reading time\" \/>\n\t<meta name=\"twitter:data1\" content=\"18 minutes\" \/>\n<script type=\"application\/ld+json\" class=\"yoast-schema-graph\">{\"@context\":\"https:\/\/schema.org\",\"@graph\":[{\"@type\":\"WebPage\",\"@id\":\"https:\/\/ctconsultancytranslate.com\/about-us\/\",\"url\":\"https:\/\/ctconsultancytranslate.com\/about-us\/\",\"name\":\"[:en]About Us[:tr]Hakk\u0131m\u0131zda[:] - CT - Consultancy Translate\",\"isPartOf\":{\"@id\":\"https:\/\/ctconsultancytranslate.com\/en\/#website\"},\"datePublished\":\"2021-02-10T02:33:27+00:00\",\"dateModified\":\"2022-05-20T08:09:29+00:00\",\"breadcrumb\":{\"@id\":\"https:\/\/ctconsultancytranslate.com\/about-us\/#breadcrumb\"},\"inLanguage\":\"en-US\",\"potentialAction\":[{\"@type\":\"ReadAction\",\"target\":[\"https:\/\/ctconsultancytranslate.com\/about-us\/\"]}]},{\"@type\":\"BreadcrumbList\",\"@id\":\"https:\/\/ctconsultancytranslate.com\/about-us\/#breadcrumb\",\"itemListElement\":[{\"@type\":\"ListItem\",\"position\":1,\"name\":\"Home\",\"item\":\"https:\/\/ctconsultancytranslate.com\/\"},{\"@type\":\"ListItem\",\"position\":2,\"name\":\"About Us\"}]},{\"@type\":\"WebSite\",\"@id\":\"https:\/\/ctconsultancytranslate.com\/en\/#website\",\"url\":\"https:\/\/ctconsultancytranslate.com\/en\/\",\"name\":\"CT - Consultancy Translate\",\"description\":\"Connect to whole world\",\"publisher\":{\"@id\":\"https:\/\/ctconsultancytranslate.com\/en\/#organization\"},\"potentialAction\":[{\"@type\":\"SearchAction\",\"target\":{\"@type\":\"EntryPoint\",\"urlTemplate\":\"https:\/\/ctconsultancytranslate.com\/en\/?s={search_term_string}\"},\"query-input\":\"required name=search_term_string\"}],\"inLanguage\":\"en-US\"},{\"@type\":\"Organization\",\"@id\":\"https:\/\/ctconsultancytranslate.com\/en\/#organization\",\"name\":\"CT - Consultancy Translate\",\"url\":\"https:\/\/ctconsultancytranslate.com\/en\/\",\"logo\":{\"@type\":\"ImageObject\",\"inLanguage\":\"en-US\",\"@id\":\"https:\/\/ctconsultancytranslate.com\/en\/#\/schema\/logo\/image\/\",\"url\":\"https:\/\/ctconsultancytranslate.com\/wp-content\/uploads\/2022\/02\/logo.png\",\"contentUrl\":\"https:\/\/ctconsultancytranslate.com\/wp-content\/uploads\/2022\/02\/logo.png\",\"width\":7222,\"height\":1875,\"caption\":\"CT - Consultancy Translate\"},\"image\":{\"@id\":\"https:\/\/ctconsultancytranslate.com\/en\/#\/schema\/logo\/image\/\"}}]}<\/script>\n<!-- \/ Yoast SEO plugin. -->","yoast_head_json":{"title":"[:en]About Us[:tr]Hakk\u0131m\u0131zda[:] - CT - Consultancy Translate","robots":{"index":"index","follow":"follow","max-snippet":"max-snippet:-1","max-image-preview":"max-image-preview:large","max-video-preview":"max-video-preview:-1"},"canonical":"https:\/\/ctconsultancytranslate.com\/about-us\/","og_locale":"en_US","og_type":"article","og_title":"[:en]About Us[:tr]Hakk\u0131m\u0131zda[:] - CT - Consultancy Translate","og_description":"[vc_row wrap_container=&#8221;yes&#8221; el_class=&#8221;pt-3 mt-4&#8243;][vc_column][vc_custom_heading text=&#8221;CT Consultancy &amp; Translation Services Ltd is a company which provides both Oral and Sign Languages translations, Education, as well as Consultancy and Support services. The company was founded in Istanbul in 2016, moved to London in 2021 and provides global services from both branches.&#8221; font_container=&#8221;tag:p|font_size:15.4px|text_align:left&#8221; use_theme_fonts=&#8221;yes&#8221; animation_delay=&#8221;500&#8243; animation_type=&#8221;fadeInUp&#8221;][vc_custom_heading text=&#8221;Our projects [&hellip;]","og_url":"https:\/\/ctconsultancytranslate.com\/about-us\/","og_site_name":"CT - Consultancy Translate","article_modified_time":"2022-05-20T08:09:29+00:00","twitter_card":"summary_large_image","twitter_misc":{"Est. reading time":"18 minutes"},"schema":{"@context":"https:\/\/schema.org","@graph":[{"@type":"WebPage","@id":"https:\/\/ctconsultancytranslate.com\/about-us\/","url":"https:\/\/ctconsultancytranslate.com\/about-us\/","name":"[:en]About Us[:tr]Hakk\u0131m\u0131zda[:] - CT - Consultancy Translate","isPartOf":{"@id":"https:\/\/ctconsultancytranslate.com\/en\/#website"},"datePublished":"2021-02-10T02:33:27+00:00","dateModified":"2022-05-20T08:09:29+00:00","breadcrumb":{"@id":"https:\/\/ctconsultancytranslate.com\/about-us\/#breadcrumb"},"inLanguage":"en-US","potentialAction":[{"@type":"ReadAction","target":["https:\/\/ctconsultancytranslate.com\/about-us\/"]}]},{"@type":"BreadcrumbList","@id":"https:\/\/ctconsultancytranslate.com\/about-us\/#breadcrumb","itemListElement":[{"@type":"ListItem","position":1,"name":"Home","item":"https:\/\/ctconsultancytranslate.com\/"},{"@type":"ListItem","position":2,"name":"About Us"}]},{"@type":"WebSite","@id":"https:\/\/ctconsultancytranslate.com\/en\/#website","url":"https:\/\/ctconsultancytranslate.com\/en\/","name":"CT - Consultancy Translate","description":"Connect to whole world","publisher":{"@id":"https:\/\/ctconsultancytranslate.com\/en\/#organization"},"potentialAction":[{"@type":"SearchAction","target":{"@type":"EntryPoint","urlTemplate":"https:\/\/ctconsultancytranslate.com\/en\/?s={search_term_string}"},"query-input":"required name=search_term_string"}],"inLanguage":"en-US"},{"@type":"Organization","@id":"https:\/\/ctconsultancytranslate.com\/en\/#organization","name":"CT - Consultancy Translate","url":"https:\/\/ctconsultancytranslate.com\/en\/","logo":{"@type":"ImageObject","inLanguage":"en-US","@id":"https:\/\/ctconsultancytranslate.com\/en\/#\/schema\/logo\/image\/","url":"https:\/\/ctconsultancytranslate.com\/wp-content\/uploads\/2022\/02\/logo.png","contentUrl":"https:\/\/ctconsultancytranslate.com\/wp-content\/uploads\/2022\/02\/logo.png","width":7222,"height":1875,"caption":"CT - Consultancy Translate"},"image":{"@id":"https:\/\/ctconsultancytranslate.com\/en\/#\/schema\/logo\/image\/"}}]}},"_links":{"self":[{"href":"https:\/\/ctconsultancytranslate.com\/en\/wp-json\/wp\/v2\/pages\/11","targetHints":{"allow":["GET"]}}],"collection":[{"href":"https:\/\/ctconsultancytranslate.com\/en\/wp-json\/wp\/v2\/pages"}],"about":[{"href":"https:\/\/ctconsultancytranslate.com\/en\/wp-json\/wp\/v2\/types\/page"}],"author":[{"embeddable":true,"href":"https:\/\/ctconsultancytranslate.com\/en\/wp-json\/wp\/v2\/users\/2"}],"replies":[{"embeddable":true,"href":"https:\/\/ctconsultancytranslate.com\/en\/wp-json\/wp\/v2\/comments?post=11"}],"version-history":[{"count":14,"href":"https:\/\/ctconsultancytranslate.com\/en\/wp-json\/wp\/v2\/pages\/11\/revisions"}],"predecessor-version":[{"id":899,"href":"https:\/\/ctconsultancytranslate.com\/en\/wp-json\/wp\/v2\/pages\/11\/revisions\/899"}],"wp:attachment":[{"href":"https:\/\/ctconsultancytranslate.com\/en\/wp-json\/wp\/v2\/media?parent=11"}],"curies":[{"name":"wp","href":"https:\/\/api.w.org\/{rel}","templated":true}]}}