{"id":21,"date":"2021-02-10T02:37:32","date_gmt":"2021-02-10T02:37:32","guid":{"rendered":"http:\/\/sw-themes.com\/porto_dummy\/?page_id=21"},"modified":"2022-05-20T10:13:09","modified_gmt":"2022-05-20T10:13:09","slug":"website-localisation","status":"publish","type":"page","link":"https:\/\/ctconsultancytranslate.com\/tr\/services\/translation-services\/website-localisation\/","title":{"rendered":"Websitesi Yerelle\u015ftirme"},"content":{"rendered":"<p>[vc_row el_class=&#8221;pt-3 mt-4&#8243;][vc_column][vc_row_inner wrap_container=&#8221;yes&#8221; el_class=&#8221;m-b-lg pb-2&#8243;][vc_column_inner offset=&#8221;vc_col-md-7&#8243;][vc_custom_heading text=&#8221;Web sitelerinizin ve sosyal medya hesaplar\u0131n\u0131z\u0131n i\u00e7eriklerinin terc\u00fcmesi ve yerelle\u015ftirilmesi hizmeti veriyoruz.&#8221; font_container=&#8221;tag:p|font_size:0.9625rem|text_align:left&#8221; use_theme_fonts=&#8221;yes&#8221;][\/vc_column_inner][vc_column_inner el_class=&#8221;ml-auto pt-4 pt-5 pt-lg-4 pb-5&#8243; width=&#8221;5\/6&#8243; offset=&#8221;vc_col-md-4 vc_col-xs-10&#8243;][vc_single_image image=&#8221;871&#8243; img_size=&#8221;full&#8221; animation_delay=&#8221;200&#8243; el_class=&#8221;p-0 mt-5 mb-5 custom-generic-pos-1 custom-box-shadow-3&#8243; animation_type=&#8221;fadeIn&#8221;][vc_single_image image=&#8221;870&#8243; img_size=&#8221;full&#8221; animation_delay=&#8221;500&#8243; el_class=&#8221;custom-generic-pos-2 custom-box-shadow-3&#8243; animation_type=&#8221;fadeIn&#8221;][\/vc_column_inner][\/vc_row_inner][vc_row_inner gap=&#8221;20&#8243; disable_element=&#8221;yes&#8221; wrap_container=&#8221;yes&#8221; el_class=&#8221;pt-4 pt-sm-0&#8243;][vc_column_inner width=&#8221;2\/3&#8243; animation_delay=&#8221;500&#8243; offset=&#8221;vc_col-md-9&#8243; animation_type=&#8221;fadeInUp&#8221;]<div class=\"porto-faqs porto-faqsd751713988987e9331980363e24189ce wpb_content_element \">\n\t<div class=\"page-faqs clearfix\" id=\"porto_faqs_6z91\">\n\n\t\t\n\t\t\n\t\t<div class=\"faq-row faqs-container\">\n\t\t\t\n<div class=\"faq post-504 type-faq status-publish hentry\">\n\t<section class=\"toggle\">\n\t\t<label>1 &#8211; Why Choose Porto?<\/label>\n\t\t<div class=\"toggle-content\">\n\t\t<h3 class=\"entry-title\" style=\"display: none;\">1 &#8211; Why Choose Porto?<\/h3><span class=\"vcard\" style=\"display: none;\"><span class=\"fn\"><a href=\"https:\/\/ctconsultancytranslate.com\/tr\/author\/volkan\/\" title=\"volkan taraf\u0131ndan yaz\u0131lan yaz\u0131lar\" rel=\"author\">volkan<\/a><\/span><\/span><span class=\"updated\" style=\"display:none\">2021-02-18T09:59:56+00:00<\/span>\n<p>Donec tellus massa, tristique sit amet condim vel, facilisis quis sapien. Praesent id enim sit amet odio vulputate eleifend in in tortor. Donec tellus massa, tristique sit amet condim vel, facilisis quis sapien. Praesent id enim sit amet odio vulputate eleifend in in tortor. Donec tellus massa, tristique sit amet condim vel, facilisis quis sapien.<\/p>\n\t\t<\/div>\n\t<\/section>\n<\/div>\n\n<div class=\"faq post-503 type-faq status-publish hentry\">\n\t<section class=\"toggle\">\n\t\t<label>2 &#8211; Cras a elit sit amet leo accumsan?<\/label>\n\t\t<div class=\"toggle-content\">\n\t\t<h3 class=\"entry-title\" style=\"display: none;\">2 &#8211; Cras a elit sit amet leo accumsan?<\/h3><span class=\"vcard\" style=\"display: none;\"><span class=\"fn\"><a href=\"https:\/\/ctconsultancytranslate.com\/tr\/author\/volkan\/\" title=\"volkan taraf\u0131ndan yaz\u0131lan yaz\u0131lar\" rel=\"author\">volkan<\/a><\/span><\/span><span class=\"updated\" style=\"display:none\">2021-02-18T09:59:33+00:00<\/span>\n<p>Donec tellus massa, tristique sit amet condim vel, facilisis quis sapien. Praesent id enim sit amet odio vulputate eleifend in in tortor. Donec tellus massa, tristique sit amet condim vel, facilisis quis sapien. Praesent id enim sit amet odio vulputate eleifend in in tortor. Donec tellus massa, tristique sit amet condim vel, facilisis quis sapien.<\/p>\n\t\t<\/div>\n\t<\/section>\n<\/div>\n\n<div class=\"faq post-502 type-faq status-publish hentry\">\n\t<section class=\"toggle\">\n\t\t<label>3 &#8211; Hel officitur felis ultricis nan?<\/label>\n\t\t<div class=\"toggle-content\">\n\t\t<h3 class=\"entry-title\" style=\"display: none;\">3 &#8211; Hel officitur felis ultricis nan?<\/h3><span class=\"vcard\" style=\"display: none;\"><span class=\"fn\"><a href=\"https:\/\/ctconsultancytranslate.com\/tr\/author\/volkan\/\" title=\"volkan taraf\u0131ndan yaz\u0131lan yaz\u0131lar\" rel=\"author\">volkan<\/a><\/span><\/span><span class=\"updated\" style=\"display:none\">2021-02-18T09:51:04+00:00<\/span>\n<p>Donec tellus massa, tristique sit amet condim vel, facilisis quis sapien. Praesent id enim sit amet odio vulputate eleifend in in tortor. Donec tellus massa, tristique sit amet condim vel, facilisis quis sapien. Praesent id enim sit amet odio vulputate eleifend in in tortor. Donec tellus massa, tristique sit amet condim vel, facilisis quis sapien.<\/p>\n\t\t<\/div>\n\t<\/section>\n<\/div>\n\n<div class=\"faq post-501 type-faq status-publish hentry\">\n\t<section class=\"toggle\">\n\t\t<label>4 &#8211; Wuspaisse hendreirit vehicula leo?<\/label>\n\t\t<div class=\"toggle-content\">\n\t\t<h3 class=\"entry-title\" style=\"display: none;\">4 &#8211; Wuspaisse hendreirit vehicula leo?<\/h3><span class=\"vcard\" style=\"display: none;\"><span class=\"fn\"><a href=\"https:\/\/ctconsultancytranslate.com\/tr\/author\/volkan\/\" title=\"volkan taraf\u0131ndan yaz\u0131lan yaz\u0131lar\" rel=\"author\">volkan<\/a><\/span><\/span><span class=\"updated\" style=\"display:none\">2021-02-18T09:50:42+00:00<\/span>\n<p>Donec tellus massa, tristique sit amet condim vel, facilisis quis sapien. Praesent id enim sit amet odio vulputate eleifend in in tortor. Donec tellus massa, tristique sit amet condim vel, facilisis quis sapien. Praesent id enim sit amet odio vulputate eleifend in in tortor. Donec tellus massa, tristique sit amet condim vel, facilisis quis sapien.<\/p>\n\t\t<\/div>\n\t<\/section>\n<\/div>\n\n<div class=\"faq post-500 type-faq status-publish hentry\">\n\t<section class=\"toggle\">\n\t\t<label>5 &#8211; Lintegers aliquet ullamcorper dollor, quis sollic tudin?<\/label>\n\t\t<div class=\"toggle-content\">\n\t\t<h3 class=\"entry-title\" style=\"display: none;\">5 &#8211; Lintegers aliquet ullamcorper dollor, quis sollic tudin?<\/h3><span class=\"vcard\" style=\"display: none;\"><span class=\"fn\"><a href=\"https:\/\/ctconsultancytranslate.com\/tr\/author\/volkan\/\" title=\"volkan taraf\u0131ndan yaz\u0131lan yaz\u0131lar\" rel=\"author\">volkan<\/a><\/span><\/span><span class=\"updated\" style=\"display:none\">2021-02-18T09:50:21+00:00<\/span>\n<p>Donec tellus massa, tristique sit amet condim vel, facilisis quis sapien. Praesent id enim sit amet odio vulputate eleifend in in tortor. Donec tellus massa, tristique sit amet condim vel, facilisis quis sapien. Praesent id enim sit amet odio vulputate eleifend in in tortor. Donec tellus massa, tristique sit amet condim vel, facilisis quis sapien.<\/p>\n\t\t<\/div>\n\t<\/section>\n<\/div>\n\n<div class=\"faq post-499 type-faq status-publish hentry\">\n\t<section class=\"toggle\">\n\t\t<label>6 &#8211; Lintegers aliquet ullamcorper dollor, quis sollic tudin?<\/label>\n\t\t<div class=\"toggle-content\">\n\t\t<h3 class=\"entry-title\" style=\"display: none;\">6 &#8211; Lintegers aliquet ullamcorper dollor, quis sollic tudin?<\/h3><span class=\"vcard\" style=\"display: none;\"><span class=\"fn\"><a href=\"https:\/\/ctconsultancytranslate.com\/tr\/author\/volkan\/\" title=\"volkan taraf\u0131ndan yaz\u0131lan yaz\u0131lar\" rel=\"author\">volkan<\/a><\/span><\/span><span class=\"updated\" style=\"display:none\">2021-02-18T09:50:02+00:00<\/span>\n<p>Donec tellus massa, tristique sit amet condim vel, facilisis quis sapien. Praesent id enim sit amet odio vulputate eleifend in in tortor. Donec tellus massa, tristique sit amet condim vel, facilisis quis sapien. Praesent id enim sit amet odio vulputate eleifend in in tortor. Donec tellus massa, tristique sit amet condim vel, facilisis quis sapien.<\/p>\n\t\t<\/div>\n\t<\/section>\n<\/div>\n\n<div class=\"faq post-498 type-faq status-publish hentry\">\n\t<section class=\"toggle\">\n\t\t<label>7 &#8211; Lintegers aliquet ullamcorper dollor, quis sollic tudin?<\/label>\n\t\t<div class=\"toggle-content\">\n\t\t<h3 class=\"entry-title\" style=\"display: none;\">7 &#8211; Lintegers aliquet ullamcorper dollor, quis sollic tudin?<\/h3><span class=\"vcard\" style=\"display: none;\"><span class=\"fn\"><a href=\"https:\/\/ctconsultancytranslate.com\/tr\/author\/volkan\/\" title=\"volkan taraf\u0131ndan yaz\u0131lan yaz\u0131lar\" rel=\"author\">volkan<\/a><\/span><\/span><span class=\"updated\" style=\"display:none\">2021-02-18T09:49:34+00:00<\/span>\n<p>Donec tellus massa, tristique sit amet condim vel, facilisis quis sapien. Praesent id enim sit amet odio vulputate eleifend in in tortor. Donec tellus massa, tristique sit amet condim vel, facilisis quis sapien. Praesent id enim sit amet odio vulputate eleifend in in tortor. Donec tellus massa, tristique sit amet condim vel, facilisis quis sapien.<\/p>\n\t\t<\/div>\n\t<\/section>\n<\/div>\n\t\t<\/div>\n\n\t\t\n\t<\/div>\n\n\t\n\t<\/div>[\/vc_column_inner][vc_column_inner el_class=&#8221;custom-res-align&#8221; width=&#8221;1\/3&#8243; offset=&#8221;vc_col-md-3&#8243;][vc_custom_heading text=&#8221;More About Us&#8221; font_container=&#8221;tag:h3|font_size:23.1px|text_align:left|line_height:24px&#8221; use_theme_fonts=&#8221;yes&#8221; font_weight=&#8221;600&#8243; letter_spacing=&#8221;-1.155px&#8221; animation_delay=&#8221;600&#8243; el_class=&#8221;mb-3 text-color-dark text-center text-md-left&#8221; animation_type=&#8221;fadeInUp&#8221;][vc_custom_heading text=&#8221;Curabitur vulputate posuere tortor luctus vulputate. Cras laoreet pretium blandit. Vestibulum luctus laoreet lacinia.&#8221; font_container=&#8221;tag:p|text_align:left&#8221; use_theme_fonts=&#8221;yes&#8221; animation_delay=&#8221;700&#8243; el_class=&#8221;pb-1 mb-2 text-center text-md-left&#8221; animation_type=&#8221;fadeInUp&#8221;]<a class=\"porto-sicon-box-link\" href=\"tel:1234567890\"><div class=\"porto-sicon-box text-color-hover-primary pb-2 mb-3  wpb_custom_1efe903570d178ff0a9b7bfa5febd3a4 style_1 default-icon\" data-appear-animation=\"fadeInLeft\" data-appear-animation-delay=\"800\"><div class=\"porto-sicon-default\"><div class=\"porto-just-icon-wrapper porto-icon none\" style=\"color:#212529;font-size:25px;margin-right:8px;\"><i class=\"porto-icon-phone-call\"><\/i><\/div><\/div><div class=\"porto-sicon-header\"><h3 class=\"porto-sicon-title\" style=\"font-weight:600;font-size:15.4px;letter-spacing:0;color:#212529;\">(800) 123-4567<\/h3><\/div> <!-- header --><\/div><!-- porto-sicon-box --><\/a>[vc_btn title=&#8221;Contact Us&#8221; skin=&#8221;dark&#8221; btn_fs=&#8221;0.9625rem&#8221; btn_fw=&#8221;600&#8243; btn_ls=&#8221;0&#8243; animation_delay=&#8221;900&#8243; link=&#8221;url:https%3A%2F%2Fwww.portotheme.com%2Fwordpress%2Fporto%2Fbusiness-consulting3%2Fcontact-us%2F|title:Contact%20Us&#8221; el_class=&#8221;custom-btn-style-1 mb-3&#8243; btn_px=&#8221;28px&#8221; btn_py=&#8221;12px&#8221; animation_type=&#8221;fadeInLeft&#8221;][vc_separator color=&#8221;custom&#8221; accent_color=&#8221;rgba(255,255,255,0.06)&#8221; el_class=&#8221;my-4&#8243;][vc_custom_heading text=&#8221;Ready to Start?&#8221; font_container=&#8221;tag:h3|font_size:23.1px|text_align:left|line_height:24px&#8221; use_theme_fonts=&#8221;yes&#8221; font_weight=&#8221;600&#8243; letter_spacing=&#8221;-1.155px&#8221; animation_delay=&#8221;1000&#8243; el_class=&#8221;pt-2 mb-3 text-color-dark text-center text-md-left&#8221; animation_type=&#8221;fadeInUp&#8221;][vc_custom_heading text=&#8221;Curabitur vulputate posuere tortor luctus vulputate laoreet pretium blandit.&#8221; font_container=&#8221;tag:p|text_align:left&#8221; use_theme_fonts=&#8221;yes&#8221; animation_delay=&#8221;1200&#8243; el_class=&#8221;pb-1 mb-3 text-center text-md-left&#8221; animation_type=&#8221;fadeInUp&#8221;][vc_btn title=&#8221;Get a Quote&#8221; skin=&#8221;primary&#8221; btn_fs=&#8221;0.9625rem&#8221; btn_fw=&#8221;600&#8243; btn_ls=&#8221;0&#8243; animation_delay=&#8221;1400&#8243; link=&#8221;url:https%3A%2F%2Fwww.portotheme.com%2Fwordpress%2Fporto%2Fbusiness-consulting3%2Fcontact-us%2F|title:Contact%20Us&#8221; el_class=&#8221;custom-btn-style-1 custom-btn-primary mb-5 mb-md-0&#8243; btn_px=&#8221;28px&#8221; btn_py=&#8221;12px&#8221; animation_type=&#8221;fadeInLeft&#8221;][\/vc_column_inner][\/vc_row_inner][vc_row_inner disable_element=&#8221;yes&#8221; wrap_container=&#8221;yes&#8221; el_class=&#8221;mt-1 pb-4 mb-5&#8243;][vc_column_inner offset=&#8221;vc_col-md-6&#8243;][vc_custom_heading text=&#8221;Skills That Make a Meaningful Difference for Your Business&#8221; font_container=&#8221;tag:h2|font_size:35px|text_align:left|line_height:1.3&#8243; use_theme_fonts=&#8221;yes&#8221; font_weight=&#8221;600&#8243; letter_spacing=&#8221;-0.05em&#8221; el_class=&#8221;mb-4&#8243;][vc_custom_heading text=&#8221;Cras a elit sit amet leo accumsan volutpat. Suspendisse hendreriast ehicula leo, vel efficitur felis ultrices non. Cras a elit sit amet leo.&#8221; font_container=&#8221;tag:p|font_size:15.4px|text_align:left&#8221; use_theme_fonts=&#8221;yes&#8221; el_class=&#8221;pb-3 mb-4&#8243;][\/vc_column_inner][vc_column_inner offset=&#8221;vc_col-md-6&#8243;][vc_progress_bar values=&#8221;%5B%7B%22label%22%3A%22STRATEGY%20ACCELERATION%22%2C%22value%22%3A%2290%22%7D%2C%7B%22label%22%3A%22REVENUE%20GROWTH%22%2C%22value%22%3A%2280%22%7D%2C%7B%22label%22%3A%22FIREWALK%20SALES%22%2C%22value%22%3A%2250%22%7D%5D&#8221; bgcolor=&#8221;custom&#8221; tooltip=&#8221;&#8221; size=&#8221;sm&#8221; units=&#8221;%&#8221; custombgcolor=&#8221;#f04c23&#8243; el_class=&#8221;mb-4&#8243;][\/vc_column_inner][\/vc_row_inner][\/vc_column][\/vc_row]<\/p>","protected":false},"excerpt":{"rendered":"<p>[vc_row el_class=&#8221;pt-3 mt-4&#8243;][vc_column][vc_row_inner wrap_container=&#8221;yes&#8221; el_class=&#8221;m-b-lg pb-2&#8243;][vc_column_inner offset=&#8221;vc_col-md-7&#8243;][vc_custom_heading text=&#8221;Web sitelerinizin ve sosyal medya hesaplar\u0131n\u0131z\u0131n i\u00e7eriklerinin terc\u00fcmesi ve yerelle\u015ftirilmesi hizmeti veriyoruz.&#8221; font_container=&#8221;tag:p|font_size:0.9625rem|text_align:left&#8221; use_theme_fonts=&#8221;yes&#8221;][\/vc_column_inner][vc_column_inner el_class=&#8221;ml-auto pt-4 pt-5 pt-lg-4 pb-5&#8243; width=&#8221;5\/6&#8243; offset=&#8221;vc_col-md-4 vc_col-xs-10&#8243;][vc_single_image image=&#8221;871&#8243; img_size=&#8221;full&#8221; animation_delay=&#8221;200&#8243; el_class=&#8221;p-0 mt-5 mb-5 custom-generic-pos-1 custom-box-shadow-3&#8243; animation_type=&#8221;fadeIn&#8221;][vc_single_image image=&#8221;870&#8243; img_size=&#8221;full&#8221; animation_delay=&#8221;500&#8243; el_class=&#8221;custom-generic-pos-2 custom-box-shadow-3&#8243; animation_type=&#8221;fadeIn&#8221;][\/vc_column_inner][\/vc_row_inner][vc_row_inner gap=&#8221;20&#8243; disable_element=&#8221;yes&#8221; wrap_container=&#8221;yes&#8221; el_class=&#8221;pt-4 pt-sm-0&#8243;][vc_column_inner width=&#8221;2\/3&#8243; animation_delay=&#8221;500&#8243; offset=&#8221;vc_col-md-9&#8243; animation_type=&#8221;fadeInUp&#8221;][\/vc_column_inner][vc_column_inner el_class=&#8221;custom-res-align&#8221; width=&#8221;1\/3&#8243; [&hellip;]<\/p>\n","protected":false},"author":2,"featured_media":0,"parent":643,"menu_order":0,"comment_status":"closed","ping_status":"closed","template":"","meta":{"footnotes":""},"class_list":["post-21","page","type-page","status-publish","hentry"],"yoast_head":"<!-- This site is optimized with the Yoast SEO plugin v22.0 - https:\/\/yoast.com\/wordpress\/plugins\/seo\/ -->\n<title>Websitesi Yerelle\u015ftirme - CT - Consultancy Translate<\/title>\n<meta name=\"robots\" content=\"index, follow, max-snippet:-1, max-image-preview:large, max-video-preview:-1\" \/>\n<link rel=\"canonical\" href=\"https:\/\/ctconsultancytranslate.com\/services\/translation-services\/website-localisation\/\" \/>\n<meta property=\"og:locale\" content=\"tr_TR\" \/>\n<meta property=\"og:type\" content=\"article\" \/>\n<meta property=\"og:title\" content=\"[:en]Website Localisation[:tr]Websitesi Yerelle\u015ftirme[:] - CT - Consultancy Translate\" \/>\n<meta property=\"og:description\" content=\"[vc_row el_class=&#8221;pt-3 mt-4&#8243;][vc_column][vc_row_inner wrap_container=&#8221;yes&#8221; el_class=&#8221;m-b-lg pb-2&#8243;][vc_column_inner offset=&#8221;vc_col-md-7&#8243;][vc_custom_heading text=&#8221;Web sitelerinizin ve sosyal medya hesaplar\u0131n\u0131z\u0131n i\u00e7eriklerinin terc\u00fcmesi ve yerelle\u015ftirilmesi hizmeti veriyoruz.&#8221; font_container=&#8221;tag:p|font_size:0.9625rem|text_align:left&#8221; use_theme_fonts=&#8221;yes&#8221;][\/vc_column_inner][vc_column_inner el_class=&#8221;ml-auto pt-4 pt-5 pt-lg-4 pb-5&#8243; width=&#8221;5\/6&#8243; offset=&#8221;vc_col-md-4 vc_col-xs-10&#8243;][vc_single_image image=&#8221;871&#8243; img_size=&#8221;full&#8221; animation_delay=&#8221;200&#8243; el_class=&#8221;p-0 mt-5 mb-5 custom-generic-pos-1 custom-box-shadow-3&#8243; animation_type=&#8221;fadeIn&#8221;][vc_single_image image=&#8221;870&#8243; img_size=&#8221;full&#8221; animation_delay=&#8221;500&#8243; el_class=&#8221;custom-generic-pos-2 custom-box-shadow-3&#8243; animation_type=&#8221;fadeIn&#8221;][\/vc_column_inner][\/vc_row_inner][vc_row_inner gap=&#8221;20&#8243; disable_element=&#8221;yes&#8221; wrap_container=&#8221;yes&#8221; el_class=&#8221;pt-4 pt-sm-0&#8243;][vc_column_inner width=&#8221;2\/3&#8243; animation_delay=&#8221;500&#8243; offset=&#8221;vc_col-md-9&#8243; animation_type=&#8221;fadeInUp&#8221;][\/vc_column_inner][vc_column_inner el_class=&#8221;custom-res-align&#8221; width=&#8221;1\/3&#8243; [&hellip;]\" \/>\n<meta property=\"og:url\" content=\"https:\/\/ctconsultancytranslate.com\/services\/translation-services\/website-localisation\/\" \/>\n<meta property=\"og:site_name\" content=\"CT - Consultancy Translate\" \/>\n<meta property=\"article:modified_time\" content=\"2022-05-20T10:13:09+00:00\" \/>\n<meta name=\"twitter:card\" content=\"summary_large_image\" \/>\n<meta name=\"twitter:label1\" content=\"Tahmini okuma s\u00fcresi\" \/>\n\t<meta name=\"twitter:data1\" content=\"7 dakika\" \/>\n<script type=\"application\/ld+json\" class=\"yoast-schema-graph\">{\"@context\":\"https:\/\/schema.org\",\"@graph\":[{\"@type\":\"WebPage\",\"@id\":\"https:\/\/ctconsultancytranslate.com\/services\/translation-services\/website-localisation\/\",\"url\":\"https:\/\/ctconsultancytranslate.com\/services\/translation-services\/website-localisation\/\",\"name\":\"[:en]Website Localisation[:tr]Websitesi Yerelle\u015ftirme[:] - CT - Consultancy Translate\",\"isPartOf\":{\"@id\":\"https:\/\/ctconsultancytranslate.com\/en\/#website\"},\"datePublished\":\"2021-02-10T02:37:32+00:00\",\"dateModified\":\"2022-05-20T10:13:09+00:00\",\"breadcrumb\":{\"@id\":\"https:\/\/ctconsultancytranslate.com\/services\/translation-services\/website-localisation\/#breadcrumb\"},\"inLanguage\":\"tr\",\"potentialAction\":[{\"@type\":\"ReadAction\",\"target\":[\"https:\/\/ctconsultancytranslate.com\/services\/translation-services\/website-localisation\/\"]}]},{\"@type\":\"BreadcrumbList\",\"@id\":\"https:\/\/ctconsultancytranslate.com\/services\/translation-services\/website-localisation\/#breadcrumb\",\"itemListElement\":[{\"@type\":\"ListItem\",\"position\":1,\"name\":\"Home\",\"item\":\"https:\/\/ctconsultancytranslate.com\/\"},{\"@type\":\"ListItem\",\"position\":2,\"name\":\"Services\",\"item\":\"https:\/\/ctconsultancytranslate.com\/services\/\"},{\"@type\":\"ListItem\",\"position\":3,\"name\":\"Translation Services\",\"item\":\"https:\/\/ctconsultancytranslate.com\/services\/translation-services\/\"},{\"@type\":\"ListItem\",\"position\":4,\"name\":\"Website Localisation\"}]},{\"@type\":\"WebSite\",\"@id\":\"https:\/\/ctconsultancytranslate.com\/en\/#website\",\"url\":\"https:\/\/ctconsultancytranslate.com\/en\/\",\"name\":\"CT - Consultancy Translate\",\"description\":\"Connect to whole world\",\"publisher\":{\"@id\":\"https:\/\/ctconsultancytranslate.com\/en\/#organization\"},\"potentialAction\":[{\"@type\":\"SearchAction\",\"target\":{\"@type\":\"EntryPoint\",\"urlTemplate\":\"https:\/\/ctconsultancytranslate.com\/en\/?s={search_term_string}\"},\"query-input\":\"required name=search_term_string\"}],\"inLanguage\":\"tr\"},{\"@type\":\"Organization\",\"@id\":\"https:\/\/ctconsultancytranslate.com\/en\/#organization\",\"name\":\"CT - Consultancy Translate\",\"url\":\"https:\/\/ctconsultancytranslate.com\/en\/\",\"logo\":{\"@type\":\"ImageObject\",\"inLanguage\":\"tr\",\"@id\":\"https:\/\/ctconsultancytranslate.com\/en\/#\/schema\/logo\/image\/\",\"url\":\"https:\/\/ctconsultancytranslate.com\/wp-content\/uploads\/2022\/02\/logo.png\",\"contentUrl\":\"https:\/\/ctconsultancytranslate.com\/wp-content\/uploads\/2022\/02\/logo.png\",\"width\":7222,\"height\":1875,\"caption\":\"CT - Consultancy Translate\"},\"image\":{\"@id\":\"https:\/\/ctconsultancytranslate.com\/en\/#\/schema\/logo\/image\/\"}}]}<\/script>\n<!-- \/ Yoast SEO plugin. -->","yoast_head_json":{"title":"[:en]Website Localisation[:tr]Websitesi Yerelle\u015ftirme[:] - CT - Consultancy Translate","robots":{"index":"index","follow":"follow","max-snippet":"max-snippet:-1","max-image-preview":"max-image-preview:large","max-video-preview":"max-video-preview:-1"},"canonical":"https:\/\/ctconsultancytranslate.com\/services\/translation-services\/website-localisation\/","og_locale":"tr_TR","og_type":"article","og_title":"[:en]Website Localisation[:tr]Websitesi Yerelle\u015ftirme[:] - CT - Consultancy Translate","og_description":"[vc_row el_class=&#8221;pt-3 mt-4&#8243;][vc_column][vc_row_inner wrap_container=&#8221;yes&#8221; el_class=&#8221;m-b-lg pb-2&#8243;][vc_column_inner offset=&#8221;vc_col-md-7&#8243;][vc_custom_heading text=&#8221;Web sitelerinizin ve sosyal medya hesaplar\u0131n\u0131z\u0131n i\u00e7eriklerinin terc\u00fcmesi ve yerelle\u015ftirilmesi hizmeti veriyoruz.&#8221; font_container=&#8221;tag:p|font_size:0.9625rem|text_align:left&#8221; use_theme_fonts=&#8221;yes&#8221;][\/vc_column_inner][vc_column_inner el_class=&#8221;ml-auto pt-4 pt-5 pt-lg-4 pb-5&#8243; width=&#8221;5\/6&#8243; offset=&#8221;vc_col-md-4 vc_col-xs-10&#8243;][vc_single_image image=&#8221;871&#8243; img_size=&#8221;full&#8221; animation_delay=&#8221;200&#8243; el_class=&#8221;p-0 mt-5 mb-5 custom-generic-pos-1 custom-box-shadow-3&#8243; animation_type=&#8221;fadeIn&#8221;][vc_single_image image=&#8221;870&#8243; img_size=&#8221;full&#8221; animation_delay=&#8221;500&#8243; el_class=&#8221;custom-generic-pos-2 custom-box-shadow-3&#8243; animation_type=&#8221;fadeIn&#8221;][\/vc_column_inner][\/vc_row_inner][vc_row_inner gap=&#8221;20&#8243; disable_element=&#8221;yes&#8221; wrap_container=&#8221;yes&#8221; el_class=&#8221;pt-4 pt-sm-0&#8243;][vc_column_inner width=&#8221;2\/3&#8243; animation_delay=&#8221;500&#8243; offset=&#8221;vc_col-md-9&#8243; animation_type=&#8221;fadeInUp&#8221;][\/vc_column_inner][vc_column_inner el_class=&#8221;custom-res-align&#8221; width=&#8221;1\/3&#8243; [&hellip;]","og_url":"https:\/\/ctconsultancytranslate.com\/services\/translation-services\/website-localisation\/","og_site_name":"CT - Consultancy Translate","article_modified_time":"2022-05-20T10:13:09+00:00","twitter_card":"summary_large_image","twitter_misc":{"Tahmini okuma s\u00fcresi":"7 dakika"},"schema":{"@context":"https:\/\/schema.org","@graph":[{"@type":"WebPage","@id":"https:\/\/ctconsultancytranslate.com\/services\/translation-services\/website-localisation\/","url":"https:\/\/ctconsultancytranslate.com\/services\/translation-services\/website-localisation\/","name":"[:en]Website Localisation[:tr]Websitesi Yerelle\u015ftirme[:] - CT - Consultancy Translate","isPartOf":{"@id":"https:\/\/ctconsultancytranslate.com\/en\/#website"},"datePublished":"2021-02-10T02:37:32+00:00","dateModified":"2022-05-20T10:13:09+00:00","breadcrumb":{"@id":"https:\/\/ctconsultancytranslate.com\/services\/translation-services\/website-localisation\/#breadcrumb"},"inLanguage":"tr","potentialAction":[{"@type":"ReadAction","target":["https:\/\/ctconsultancytranslate.com\/services\/translation-services\/website-localisation\/"]}]},{"@type":"BreadcrumbList","@id":"https:\/\/ctconsultancytranslate.com\/services\/translation-services\/website-localisation\/#breadcrumb","itemListElement":[{"@type":"ListItem","position":1,"name":"Home","item":"https:\/\/ctconsultancytranslate.com\/"},{"@type":"ListItem","position":2,"name":"Services","item":"https:\/\/ctconsultancytranslate.com\/services\/"},{"@type":"ListItem","position":3,"name":"Translation Services","item":"https:\/\/ctconsultancytranslate.com\/services\/translation-services\/"},{"@type":"ListItem","position":4,"name":"Website Localisation"}]},{"@type":"WebSite","@id":"https:\/\/ctconsultancytranslate.com\/en\/#website","url":"https:\/\/ctconsultancytranslate.com\/en\/","name":"CT - Consultancy Translate","description":"Connect to whole world","publisher":{"@id":"https:\/\/ctconsultancytranslate.com\/en\/#organization"},"potentialAction":[{"@type":"SearchAction","target":{"@type":"EntryPoint","urlTemplate":"https:\/\/ctconsultancytranslate.com\/en\/?s={search_term_string}"},"query-input":"required name=search_term_string"}],"inLanguage":"tr"},{"@type":"Organization","@id":"https:\/\/ctconsultancytranslate.com\/en\/#organization","name":"CT - Consultancy Translate","url":"https:\/\/ctconsultancytranslate.com\/en\/","logo":{"@type":"ImageObject","inLanguage":"tr","@id":"https:\/\/ctconsultancytranslate.com\/en\/#\/schema\/logo\/image\/","url":"https:\/\/ctconsultancytranslate.com\/wp-content\/uploads\/2022\/02\/logo.png","contentUrl":"https:\/\/ctconsultancytranslate.com\/wp-content\/uploads\/2022\/02\/logo.png","width":7222,"height":1875,"caption":"CT - Consultancy Translate"},"image":{"@id":"https:\/\/ctconsultancytranslate.com\/en\/#\/schema\/logo\/image\/"}}]}},"_links":{"self":[{"href":"https:\/\/ctconsultancytranslate.com\/tr\/wp-json\/wp\/v2\/pages\/21","targetHints":{"allow":["GET"]}}],"collection":[{"href":"https:\/\/ctconsultancytranslate.com\/tr\/wp-json\/wp\/v2\/pages"}],"about":[{"href":"https:\/\/ctconsultancytranslate.com\/tr\/wp-json\/wp\/v2\/types\/page"}],"author":[{"embeddable":true,"href":"https:\/\/ctconsultancytranslate.com\/tr\/wp-json\/wp\/v2\/users\/2"}],"replies":[{"embeddable":true,"href":"https:\/\/ctconsultancytranslate.com\/tr\/wp-json\/wp\/v2\/comments?post=21"}],"version-history":[{"count":4,"href":"https:\/\/ctconsultancytranslate.com\/tr\/wp-json\/wp\/v2\/pages\/21\/revisions"}],"predecessor-version":[{"id":925,"href":"https:\/\/ctconsultancytranslate.com\/tr\/wp-json\/wp\/v2\/pages\/21\/revisions\/925"}],"up":[{"embeddable":true,"href":"https:\/\/ctconsultancytranslate.com\/tr\/wp-json\/wp\/v2\/pages\/643"}],"wp:attachment":[{"href":"https:\/\/ctconsultancytranslate.com\/tr\/wp-json\/wp\/v2\/media?parent=21"}],"curies":[{"name":"wp","href":"https:\/\/api.w.org\/{rel}","templated":true}]}}